{"id":798,"date":"2024-09-17T11:45:32","date_gmt":"2024-09-17T09:45:32","guid":{"rendered":"https:\/\/maisonlatchman.com\/?page_id=798"},"modified":"2024-09-17T12:08:05","modified_gmt":"2024-09-17T10:08:05","slug":"a-propos","status":"publish","type":"page","link":"https:\/\/maisonlatchman.com\/index.php\/a-propos\/","title":{"rendered":"A propos"},"content":{"rendered":"\t\t<div data-elementor-type=\"wp-page\" data-elementor-id=\"798\" class=\"elementor elementor-798\">\n\t\t\t\t<div class=\"elementor-element elementor-element-ee8c9c8 e-con-full e-flex e-con e-parent\" data-id=\"ee8c9c8\" data-element_type=\"container\" data-e-type=\"container\">\n\t\t<div class=\"elementor-element elementor-element-bc68abb e-flex e-con-boxed e-con e-child\" data-id=\"bc68abb\" data-element_type=\"container\" data-e-type=\"container\">\n\t\t\t\t\t<div class=\"e-con-inner\">\n\t\t\t\t<div class=\"elementor-element elementor-element-5a171aa animated-slow elementor-invisible elementor-widget elementor-widget-text-editor\" data-id=\"5a171aa\" data-element_type=\"widget\" data-e-type=\"widget\" data-settings=\"{&quot;_animation&quot;:&quot;fadeIn&quot;}\" data-widget_type=\"text-editor.default\">\n\t\t\t\t<div class=\"elementor-widget-container\">\n\t\t\t\t\t\t\t\t\t<p><\/p><h2><strong><i>\u00ab\u00a0<\/i><i> Je suis profond\u00e9ment convaincue d&rsquo;un fait concernant le Style.<br \/>Ce que l&rsquo;on porte fa\u00e7onne notre identit\u00e9 et que l&rsquo;on incarne ce que l&rsquo;on porte. \u00ab\u00a0<\/i><\/strong><\/h2><h1><\/h1><h1><\/h1><h1 class=\"wp-block-image size-full\"><img fetchpriority=\"high\" decoding=\"async\" class=\"aligncenter wp-image-675\" src=\"https:\/\/maisonlatchman.com\/wp-content\/uploads\/2024\/04\/095d6865-3b84-4887-9d93-0f4a81f74f2d.jpeg\" alt=\"\" width=\"830\" height=\"830\" srcset=\"https:\/\/maisonlatchman.com\/wp-content\/uploads\/2024\/04\/095d6865-3b84-4887-9d93-0f4a81f74f2d.jpeg 1024w, https:\/\/maisonlatchman.com\/wp-content\/uploads\/2024\/04\/095d6865-3b84-4887-9d93-0f4a81f74f2d-300x300.jpeg 300w, https:\/\/maisonlatchman.com\/wp-content\/uploads\/2024\/04\/095d6865-3b84-4887-9d93-0f4a81f74f2d-600x600.jpeg 600w, https:\/\/maisonlatchman.com\/wp-content\/uploads\/2024\/04\/095d6865-3b84-4887-9d93-0f4a81f74f2d-150x150.jpeg 150w, https:\/\/maisonlatchman.com\/wp-content\/uploads\/2024\/04\/095d6865-3b84-4887-9d93-0f4a81f74f2d-768x768.jpeg 768w, https:\/\/maisonlatchman.com\/wp-content\/uploads\/2024\/04\/095d6865-3b84-4887-9d93-0f4a81f74f2d-60x60.jpeg 60w\" sizes=\"(max-width: 830px) 100vw, 830px\" \/><\/h1><h1><\/h1><h1><\/h1><p class=\"has-text-align-center\">Maison Latchman, c\u2019est l\u2019envol d\u2019une femme, d&rsquo;une personnalit\u00e9 passionn\u00e9e par les tendances mythiques Vintage des ann\u00e9es 40 aux ann\u00e9es 80, une \u00e9ternelle Amoureuse du total look noir, de cette sophistication rare parfois oubli\u00e9e, emprunte d&rsquo;une \u00e9l\u00e9gance Dark et d&rsquo;une certaine fantasmagorie qui d\u00e9peignent l&rsquo;ADN de la Maison.<\/p><p><\/p><p><\/p><p class=\"has-text-align-center\">La Maison \u00e9voque une Chapellerie haut-de-gamme, de chapeaux cultes revisit\u00e9s que l&rsquo;on arbore sur soi telle une \u0152uvre d&rsquo;art, un tableau. Une pi\u00e8ce unique, orn\u00e9e de m\u00e9taux et de pierres, r\u00eav\u00e9e et con\u00e7ue pour vous.<\/p><p><\/p><p><\/p><p class=\"has-text-align-center\">Porter l&rsquo;une de nos pi\u00e8ces c&rsquo;est oser se r\u00e9v\u00e9ler et incarner le personnage qui vit en chacun de nous.<\/p><p><\/p><p><\/p><p class=\"has-text-align-center\">Faisons un bond dans le temps, et participez \u00e0 nos \u00e9v\u00e8nements &amp; Showrooms priv\u00e9s o\u00f9 vous d\u00e9nicherez des pi\u00e8ces uniques et des accessoires r\u00e9tro exclusifs.<\/p><p><\/p><p><\/p><p class=\"has-text-align-center\">D\u00e9couvrez en avant-premi\u00e8re notre collection M\u00e8re, nos collections capsules, l&rsquo;histoire du chapeau, de sa fabrication \u00e0 sa conception et l&rsquo;histoire de notre Chapellerie.<\/p><p><\/p><p><\/p><p class=\"has-text-align-center\">Ainsi est n\u00e9e la Maison. Une Chapellerie haut-de-gamme o\u00f9 chacune des pi\u00e8ces raconte une histoire.<\/p><p><\/p><p><\/p><p class=\"has-text-align-center\">Maison Latchman, c\u2019est une Communaut\u00e9 avant tout, une Maison qui se r\u00e9pand comme une train\u00e9e de poudre, et qui laisse derri\u00e8re elle le sentiment de replonger dans le temps.<\/p><p><\/p><p><\/p><p class=\"has-text-align-center\">Melissa Latchman, Founder &amp; Hat Designer of Maison Latchman<\/p><p><\/p>\t\t\t\t\t\t\t\t<\/div>\n\t\t\t\t<\/div>\n\t\t\t\t\t<\/div>\n\t\t\t\t<\/div>\n\t\t\t\t<\/div>\t\t<\/div>\n\t\t","protected":false},"excerpt":{"rendered":"<p>\u00ab\u00a0 Je suis profond\u00e9ment convaincue d&rsquo;un fait concernant le Style.Ce que l&rsquo;on porte fa\u00e7onne notre identit\u00e9 et que l&rsquo;on incarne ce que l&rsquo;on porte. \u00ab\u00a0 Maison Latchman, c\u2019est l\u2019envol d\u2019une femme, d&rsquo;une personnalit\u00e9 passionn\u00e9e par les tendances mythiques Vintage des ann\u00e9es 40 aux ann\u00e9es 80, une \u00e9ternelle Amoureuse du total look noir, de cette sophistication rare parfois oubli\u00e9e, emprunte d&rsquo;une &hellip; <\/p>\n","protected":false},"author":1,"featured_media":0,"parent":0,"menu_order":1,"comment_status":"closed","ping_status":"closed","template":"","meta":{"_monsterinsights_skip_tracking":false,"_monsterinsights_sitenote_active":false,"_monsterinsights_sitenote_note":"","_monsterinsights_sitenote_category":0,"footnotes":""},"class_list":["post-798","page","type-page","status-publish","hentry"],"aioseo_notices":[],"_links":{"self":[{"href":"https:\/\/maisonlatchman.com\/index.php\/wp-json\/wp\/v2\/pages\/798"}],"collection":[{"href":"https:\/\/maisonlatchman.com\/index.php\/wp-json\/wp\/v2\/pages"}],"about":[{"href":"https:\/\/maisonlatchman.com\/index.php\/wp-json\/wp\/v2\/types\/page"}],"author":[{"embeddable":true,"href":"https:\/\/maisonlatchman.com\/index.php\/wp-json\/wp\/v2\/users\/1"}],"replies":[{"embeddable":true,"href":"https:\/\/maisonlatchman.com\/index.php\/wp-json\/wp\/v2\/comments?post=798"}],"version-history":[{"count":17,"href":"https:\/\/maisonlatchman.com\/index.php\/wp-json\/wp\/v2\/pages\/798\/revisions"}],"predecessor-version":[{"id":820,"href":"https:\/\/maisonlatchman.com\/index.php\/wp-json\/wp\/v2\/pages\/798\/revisions\/820"}],"wp:attachment":[{"href":"https:\/\/maisonlatchman.com\/index.php\/wp-json\/wp\/v2\/media?parent=798"}],"curies":[{"name":"wp","href":"https:\/\/api.w.org\/{rel}","templated":true}]}}